{"id":250,"date":"2025-08-08T21:49:38","date_gmt":"2025-08-08T21:49:38","guid":{"rendered":"https:\/\/unhearedstories.com\/?page_id=250"},"modified":"2025-08-08T22:10:38","modified_gmt":"2025-08-08T22:10:38","slug":"elementor-250","status":"publish","type":"page","link":"https:\/\/unhearedstories.com\/","title":{"rendered":"Home"},"content":{"rendered":"\t\t<div data-elementor-type=\"wp-page\" data-elementor-id=\"250\" class=\"elementor elementor-250\" data-elementor-post-type=\"page\">\n\t\t\t\t<div class=\"elementor-element elementor-element-dbc249b e-con-full e-flex e-con e-parent\" data-id=\"dbc249b\" data-element_type=\"container\" data-e-type=\"container\">\n\t\t\t\t<div class=\"elementor-element elementor-element-c65fdd4 elementor-widget elementor-widget-image\" data-id=\"c65fdd4\" data-element_type=\"widget\" data-e-type=\"widget\" data-widget_type=\"image.default\">\n\t\t\t\t\t\t\t\t\t\t\t\t\t\t\t<img fetchpriority=\"high\" decoding=\"async\" width=\"2240\" height=\"1260\" src=\"https:\/\/unhearedstories.com\/wp-content\/uploads\/2025\/08\/Purplish-Modern-Isometric-How-to-Increase-Sales-Blog-Banner.png\" class=\"attachment-full size-full wp-image-254\" alt=\"\" srcset=\"https:\/\/unhearedstories.com\/wp-content\/uploads\/2025\/08\/Purplish-Modern-Isometric-How-to-Increase-Sales-Blog-Banner.png 2240w, https:\/\/unhearedstories.com\/wp-content\/uploads\/2025\/08\/Purplish-Modern-Isometric-How-to-Increase-Sales-Blog-Banner-300x169.png 300w, https:\/\/unhearedstories.com\/wp-content\/uploads\/2025\/08\/Purplish-Modern-Isometric-How-to-Increase-Sales-Blog-Banner-1024x576.png 1024w, https:\/\/unhearedstories.com\/wp-content\/uploads\/2025\/08\/Purplish-Modern-Isometric-How-to-Increase-Sales-Blog-Banner-768x432.png 768w, https:\/\/unhearedstories.com\/wp-content\/uploads\/2025\/08\/Purplish-Modern-Isometric-How-to-Increase-Sales-Blog-Banner-1536x864.png 1536w, https:\/\/unhearedstories.com\/wp-content\/uploads\/2025\/08\/Purplish-Modern-Isometric-How-to-Increase-Sales-Blog-Banner-2048x1152.png 2048w\" sizes=\"(max-width: 2240px) 100vw, 2240px\" \/>\t\t\t\t\t\t\t\t\t\t\t\t\t\t\t<\/div>\n\t\t\t\t<\/div>\n\t\t<div class=\"elementor-element elementor-element-f166e4e e-flex e-con-boxed e-con e-parent\" data-id=\"f166e4e\" data-element_type=\"container\" data-e-type=\"container\">\n\t\t\t\t\t<div class=\"e-con-inner\">\n\t\t\t\t<div class=\"elementor-element elementor-element-6844ed7 elementor-grid-3 elementor-grid-tablet-2 elementor-grid-mobile-1 elementor-posts--thumbnail-top elementor-widget elementor-widget-posts\" data-id=\"6844ed7\" data-element_type=\"widget\" data-e-type=\"widget\" data-settings=\"{&quot;classic_columns&quot;:&quot;3&quot;,&quot;classic_columns_tablet&quot;:&quot;2&quot;,&quot;classic_columns_mobile&quot;:&quot;1&quot;,&quot;classic_row_gap&quot;:{&quot;unit&quot;:&quot;px&quot;,&quot;size&quot;:35,&quot;sizes&quot;:[]},&quot;classic_row_gap_tablet&quot;:{&quot;unit&quot;:&quot;px&quot;,&quot;size&quot;:&quot;&quot;,&quot;sizes&quot;:[]},&quot;classic_row_gap_mobile&quot;:{&quot;unit&quot;:&quot;px&quot;,&quot;size&quot;:&quot;&quot;,&quot;sizes&quot;:[]}}\" data-widget_type=\"posts.classic\">\n\t\t\t\t<div class=\"elementor-widget-container\">\n\t\t\t\t\t\t\t<div class=\"elementor-posts-container elementor-posts elementor-posts--skin-classic elementor-grid\" role=\"list\">\n\t\t\t\t<article class=\"elementor-post elementor-grid-item post-535 post type-post status-publish format-standard hentry category-uncategorized\" role=\"listitem\">\n\t\t\t\t<div class=\"elementor-post__text\">\n\t\t\t\t<h3 class=\"elementor-post__title\">\n\t\t\t<a href=\"https:\/\/unhearedstories.com\/?p=535\" target=&quot;_blank&quot;>\n\t\t\t\t\u00ab\u00a1Eres una costurera barata, no mereces tocar mis prendas! Pero su respuesta\u2026 hel\u00f3 la sangre de todos.\u00bb\t\t\t<\/a>\n\t\t<\/h3>\n\t\t\t\t\t<div class=\"elementor-post__read-more-wrapper\">\n\t\t\n\t\t<a class=\"elementor-post__read-more\" href=\"https:\/\/unhearedstories.com\/?p=535\" aria-label=\"Read more about \u00ab\u00a1Eres una costurera barata, no mereces tocar mis prendas! Pero su respuesta\u2026 hel\u00f3 la sangre de todos.\u00bb\" tabindex=\"-1\" target=\"_blank\">\n\t\t\tRead More \u00bb\t\t<\/a>\n\n\t\t\t\t\t<\/div>\n\t\t\t\t<\/div>\n\t\t\t\t<\/article>\n\t\t\t\t<article class=\"elementor-post elementor-grid-item post-532 post type-post status-publish format-standard hentry category-uncategorized\" role=\"listitem\">\n\t\t\t\t<div class=\"elementor-post__text\">\n\t\t\t\t<h3 class=\"elementor-post__title\">\n\t\t\t<a href=\"https:\/\/unhearedstories.com\/?p=532\" target=&quot;_blank&quot;>\n\t\t\t\t\u00ab\u00a1No mereces tocar mis compras! \u00a1Eres solo una empacadora torpe que arruina todo!\u00bb \u2014ladr\u00f3 la clienta, empujando la bolsa\u2014. Pero lo que ella respondi\u00f3 dej\u00f3 el supermercado completamente inm\u00f3vil\u2026\u00a0\t\t\t<\/a>\n\t\t<\/h3>\n\t\t\t\t\t<div class=\"elementor-post__read-more-wrapper\">\n\t\t\n\t\t<a class=\"elementor-post__read-more\" href=\"https:\/\/unhearedstories.com\/?p=532\" aria-label=\"Read more about \u00ab\u00a1No mereces tocar mis compras! \u00a1Eres solo una empacadora torpe que arruina todo!\u00bb \u2014ladr\u00f3 la clienta, empujando la bolsa\u2014. Pero lo que ella respondi\u00f3 dej\u00f3 el supermercado completamente inm\u00f3vil\u2026\u00a0\" tabindex=\"-1\" target=\"_blank\">\n\t\t\tRead More \u00bb\t\t<\/a>\n\n\t\t\t\t\t<\/div>\n\t\t\t\t<\/div>\n\t\t\t\t<\/article>\n\t\t\t\t<article class=\"elementor-post elementor-grid-item post-530 post type-post status-publish format-standard hentry category-uncategorized\" role=\"listitem\">\n\t\t\t\t<div class=\"elementor-post__text\">\n\t\t\t\t<h3 class=\"elementor-post__title\">\n\t\t\t<a href=\"https:\/\/unhearedstories.com\/?p=530\" target=&quot;_blank&quot;>\n\t\t\t\t\u00ab\u00a1No mereces estar aqu\u00ed! \u00a1Eres solo la se\u00f1ora que limpia, no alguien importante!\u00bb \u2014escupi\u00f3 el estudiante, apartando el balde\u2014. Pero lo que ella respondi\u00f3 dej\u00f3 todo el pasillo de la universidad completamente congelado\u2026\t\t\t<\/a>\n\t\t<\/h3>\n\t\t\t\t\t<div class=\"elementor-post__read-more-wrapper\">\n\t\t\n\t\t<a class=\"elementor-post__read-more\" href=\"https:\/\/unhearedstories.com\/?p=530\" aria-label=\"Read more about \u00ab\u00a1No mereces estar aqu\u00ed! \u00a1Eres solo la se\u00f1ora que limpia, no alguien importante!\u00bb \u2014escupi\u00f3 el estudiante, apartando el balde\u2014. Pero lo que ella respondi\u00f3 dej\u00f3 todo el pasillo de la universidad completamente congelado\u2026\" tabindex=\"-1\" target=\"_blank\">\n\t\t\tRead More \u00bb\t\t<\/a>\n\n\t\t\t\t\t<\/div>\n\t\t\t\t<\/div>\n\t\t\t\t<\/article>\n\t\t\t\t<article class=\"elementor-post elementor-grid-item post-527 post type-post status-publish format-standard hentry category-uncategorized\" role=\"listitem\">\n\t\t\t\t<div class=\"elementor-post__text\">\n\t\t\t\t<h3 class=\"elementor-post__title\">\n\t\t\t<a href=\"https:\/\/unhearedstories.com\/?p=527\" target=&quot;_blank&quot;>\n\t\t\t\t\u00ab\u00a1T\u00fa no eres nadie aqu\u00ed! \u00a1Eres solo la recepcionista que trae caf\u00e9, as\u00ed que cierra la boca y obedece!\u00bb \u2014escupi\u00f3 el director, delante de todos\u2014. Pero lo que ella respondi\u00f3 dej\u00f3 toda la oficina completamente congelada\u2026\u00a0\t\t\t<\/a>\n\t\t<\/h3>\n\t\t\t\t\t<div class=\"elementor-post__read-more-wrapper\">\n\t\t\n\t\t<a class=\"elementor-post__read-more\" href=\"https:\/\/unhearedstories.com\/?p=527\" aria-label=\"Read more about \u00ab\u00a1T\u00fa no eres nadie aqu\u00ed! \u00a1Eres solo la recepcionista que trae caf\u00e9, as\u00ed que cierra la boca y obedece!\u00bb \u2014escupi\u00f3 el director, delante de todos\u2014. Pero lo que ella respondi\u00f3 dej\u00f3 toda la oficina completamente congelada\u2026\u00a0\" tabindex=\"-1\" target=\"_blank\">\n\t\t\tRead More \u00bb\t\t<\/a>\n\n\t\t\t\t\t<\/div>\n\t\t\t\t<\/div>\n\t\t\t\t<\/article>\n\t\t\t\t<article class=\"elementor-post elementor-grid-item post-525 post type-post status-publish format-standard hentry category-uncategorized\" role=\"listitem\">\n\t\t\t\t<div class=\"elementor-post__text\">\n\t\t\t\t<h3 class=\"elementor-post__title\">\n\t\t\t<a href=\"https:\/\/unhearedstories.com\/?p=525\" target=&quot;_blank&quot;>\n\t\t\t\tSalma Hayek DESTROZA a Ellen DeGeneres tras confundir M\u00e9xico con Puerto Rico\t\t\t<\/a>\n\t\t<\/h3>\n\t\t\t\t\t<div class=\"elementor-post__read-more-wrapper\">\n\t\t\n\t\t<a class=\"elementor-post__read-more\" href=\"https:\/\/unhearedstories.com\/?p=525\" aria-label=\"Read more about Salma Hayek DESTROZA a Ellen DeGeneres tras confundir M\u00e9xico con Puerto Rico\" tabindex=\"-1\" target=\"_blank\">\n\t\t\tRead More \u00bb\t\t<\/a>\n\n\t\t\t\t\t<\/div>\n\t\t\t\t<\/div>\n\t\t\t\t<\/article>\n\t\t\t\t<article class=\"elementor-post elementor-grid-item post-523 post type-post status-publish format-standard hentry category-uncategorized\" role=\"listitem\">\n\t\t\t\t<div class=\"elementor-post__text\">\n\t\t\t\t<h3 class=\"elementor-post__title\">\n\t\t\t<a href=\"https:\/\/unhearedstories.com\/?p=523\" target=&quot;_blank&quot;>\n\t\t\t\t\u201cStop the Car! Your Wife Cut the Brakes!\u201d \u2014 A Homeless Boy\u2019s Cry That Saved a Billionaire\u2019s Life\t\t\t<\/a>\n\t\t<\/h3>\n\t\t\t\t\t<div class=\"elementor-post__read-more-wrapper\">\n\t\t\n\t\t<a class=\"elementor-post__read-more\" href=\"https:\/\/unhearedstories.com\/?p=523\" aria-label=\"Read more about \u201cStop the Car! Your Wife Cut the Brakes!\u201d \u2014 A Homeless Boy\u2019s Cry That Saved a Billionaire\u2019s Life\" tabindex=\"-1\" target=\"_blank\">\n\t\t\tRead More \u00bb\t\t<\/a>\n\n\t\t\t\t\t<\/div>\n\t\t\t\t<\/div>\n\t\t\t\t<\/article>\n\t\t\t\t<\/div>\n\t\t\n\t\t\t\t\t\t<\/div>\n\t\t\t\t<\/div>\n\t\t\t\t\t<\/div>\n\t\t\t\t<\/div>\n\t\t\t\t<\/div>\n\t\t","protected":false},"excerpt":{"rendered":"","protected":false},"author":1,"featured_media":0,"parent":0,"menu_order":0,"comment_status":"closed","ping_status":"closed","template":"","meta":{"footnotes":""},"class_list":["post-250","page","type-page","status-publish","hentry"],"aioseo_notices":[],"_links":{"self":[{"href":"https:\/\/unhearedstories.com\/index.php?rest_route=\/wp\/v2\/pages\/250","targetHints":{"allow":["GET"]}}],"collection":[{"href":"https:\/\/unhearedstories.com\/index.php?rest_route=\/wp\/v2\/pages"}],"about":[{"href":"https:\/\/unhearedstories.com\/index.php?rest_route=\/wp\/v2\/types\/page"}],"author":[{"embeddable":true,"href":"https:\/\/unhearedstories.com\/index.php?rest_route=\/wp\/v2\/users\/1"}],"replies":[{"embeddable":true,"href":"https:\/\/unhearedstories.com\/index.php?rest_route=%2Fwp%2Fv2%2Fcomments&post=250"}],"version-history":[{"count":11,"href":"https:\/\/unhearedstories.com\/index.php?rest_route=\/wp\/v2\/pages\/250\/revisions"}],"predecessor-version":[{"id":267,"href":"https:\/\/unhearedstories.com\/index.php?rest_route=\/wp\/v2\/pages\/250\/revisions\/267"}],"wp:attachment":[{"href":"https:\/\/unhearedstories.com\/index.php?rest_route=%2Fwp%2Fv2%2Fmedia&parent=250"}],"curies":[{"name":"wp","href":"https:\/\/api.w.org\/{rel}","templated":true}]}}