{"id":19,"date":"2025-08-01T21:11:28","date_gmt":"2025-08-01T21:11:28","guid":{"rendered":"https:\/\/unhearedstories.com\/blog\/"},"modified":"2025-08-08T22:22:49","modified_gmt":"2025-08-08T22:22:49","slug":"blog","status":"publish","type":"page","link":"https:\/\/unhearedstories.com\/?page_id=19","title":{"rendered":"Blog"},"content":{"rendered":"\t\t<div data-elementor-type=\"wp-page\" data-elementor-id=\"19\" class=\"elementor elementor-19\" data-elementor-post-type=\"page\">\n\t\t\t\t<div class=\"elementor-element elementor-element-dcda78b e-flex e-con-boxed e-con e-parent\" data-id=\"dcda78b\" data-element_type=\"container\" data-e-type=\"container\">\n\t\t\t\t\t<div class=\"e-con-inner\">\n\t\t\t\t<div class=\"elementor-element elementor-element-526da38 elementor-grid-3 elementor-grid-tablet-2 elementor-grid-mobile-1 elementor-posts--thumbnail-top elementor-posts--show-avatar elementor-card-shadow-yes elementor-posts__hover-gradient elementor-widget elementor-widget-posts\" data-id=\"526da38\" data-element_type=\"widget\" data-e-type=\"widget\" data-settings=\"{&quot;cards_columns&quot;:&quot;3&quot;,&quot;cards_columns_tablet&quot;:&quot;2&quot;,&quot;cards_columns_mobile&quot;:&quot;1&quot;,&quot;cards_row_gap&quot;:{&quot;unit&quot;:&quot;px&quot;,&quot;size&quot;:35,&quot;sizes&quot;:[]},&quot;cards_row_gap_tablet&quot;:{&quot;unit&quot;:&quot;px&quot;,&quot;size&quot;:&quot;&quot;,&quot;sizes&quot;:[]},&quot;cards_row_gap_mobile&quot;:{&quot;unit&quot;:&quot;px&quot;,&quot;size&quot;:&quot;&quot;,&quot;sizes&quot;:[]}}\" data-widget_type=\"posts.cards\">\n\t\t\t\t<div class=\"elementor-widget-container\">\n\t\t\t\t\t\t\t<div class=\"elementor-posts-container elementor-posts elementor-posts--skin-cards elementor-grid\" role=\"list\">\n\t\t\t\t<article class=\"elementor-post elementor-grid-item post-535 post type-post status-publish format-standard hentry category-uncategorized\" role=\"listitem\">\n\t\t\t<div class=\"elementor-post__card\">\n\t\t\t\t<div class=\"elementor-post__text\">\n\t\t\t\t<h3 class=\"elementor-post__title\">\n\t\t\t<a href=\"https:\/\/unhearedstories.com\/?p=535\" >\n\t\t\t\t\u00ab\u00a1Eres una costurera barata, no mereces tocar mis prendas! Pero su respuesta\u2026 hel\u00f3 la sangre de todos.\u00bb\t\t\t<\/a>\n\t\t<\/h3>\n\t\t\n\t\t<a class=\"elementor-post__read-more\" href=\"https:\/\/unhearedstories.com\/?p=535\" aria-label=\"Read more about \u00ab\u00a1Eres una costurera barata, no mereces tocar mis prendas! Pero su respuesta\u2026 hel\u00f3 la sangre de todos.\u00bb\" tabindex=\"-1\" >\n\t\t\tRead More \u00bb\t\t<\/a>\n\n\t\t\t\t<\/div>\n\t\t\t\t\t<\/div>\n\t\t<\/article>\n\t\t\t\t<article class=\"elementor-post elementor-grid-item post-532 post type-post status-publish format-standard hentry category-uncategorized\" role=\"listitem\">\n\t\t\t<div class=\"elementor-post__card\">\n\t\t\t\t<div class=\"elementor-post__text\">\n\t\t\t\t<h3 class=\"elementor-post__title\">\n\t\t\t<a href=\"https:\/\/unhearedstories.com\/?p=532\" >\n\t\t\t\t\u00ab\u00a1No mereces tocar mis compras! \u00a1Eres solo una empacadora torpe que arruina todo!\u00bb \u2014ladr\u00f3 la clienta, empujando la bolsa\u2014. Pero lo que ella respondi\u00f3 dej\u00f3 el supermercado completamente inm\u00f3vil\u2026\u00a0\t\t\t<\/a>\n\t\t<\/h3>\n\t\t\n\t\t<a class=\"elementor-post__read-more\" href=\"https:\/\/unhearedstories.com\/?p=532\" aria-label=\"Read more about \u00ab\u00a1No mereces tocar mis compras! \u00a1Eres solo una empacadora torpe que arruina todo!\u00bb \u2014ladr\u00f3 la clienta, empujando la bolsa\u2014. Pero lo que ella respondi\u00f3 dej\u00f3 el supermercado completamente inm\u00f3vil\u2026\u00a0\" tabindex=\"-1\" >\n\t\t\tRead More \u00bb\t\t<\/a>\n\n\t\t\t\t<\/div>\n\t\t\t\t\t<\/div>\n\t\t<\/article>\n\t\t\t\t<article class=\"elementor-post elementor-grid-item post-530 post type-post status-publish format-standard hentry category-uncategorized\" role=\"listitem\">\n\t\t\t<div class=\"elementor-post__card\">\n\t\t\t\t<div class=\"elementor-post__text\">\n\t\t\t\t<h3 class=\"elementor-post__title\">\n\t\t\t<a href=\"https:\/\/unhearedstories.com\/?p=530\" >\n\t\t\t\t\u00ab\u00a1No mereces estar aqu\u00ed! \u00a1Eres solo la se\u00f1ora que limpia, no alguien importante!\u00bb \u2014escupi\u00f3 el estudiante, apartando el balde\u2014. Pero lo que ella respondi\u00f3 dej\u00f3 todo el pasillo de la universidad completamente congelado\u2026\t\t\t<\/a>\n\t\t<\/h3>\n\t\t\n\t\t<a class=\"elementor-post__read-more\" href=\"https:\/\/unhearedstories.com\/?p=530\" aria-label=\"Read more about \u00ab\u00a1No mereces estar aqu\u00ed! \u00a1Eres solo la se\u00f1ora que limpia, no alguien importante!\u00bb \u2014escupi\u00f3 el estudiante, apartando el balde\u2014. Pero lo que ella respondi\u00f3 dej\u00f3 todo el pasillo de la universidad completamente congelado\u2026\" tabindex=\"-1\" >\n\t\t\tRead More \u00bb\t\t<\/a>\n\n\t\t\t\t<\/div>\n\t\t\t\t\t<\/div>\n\t\t<\/article>\n\t\t\t\t<article class=\"elementor-post elementor-grid-item post-527 post type-post status-publish format-standard hentry category-uncategorized\" role=\"listitem\">\n\t\t\t<div class=\"elementor-post__card\">\n\t\t\t\t<div class=\"elementor-post__text\">\n\t\t\t\t<h3 class=\"elementor-post__title\">\n\t\t\t<a href=\"https:\/\/unhearedstories.com\/?p=527\" >\n\t\t\t\t\u00ab\u00a1T\u00fa no eres nadie aqu\u00ed! \u00a1Eres solo la recepcionista que trae caf\u00e9, as\u00ed que cierra la boca y obedece!\u00bb \u2014escupi\u00f3 el director, delante de todos\u2014. Pero lo que ella respondi\u00f3 dej\u00f3 toda la oficina completamente congelada\u2026\u00a0\t\t\t<\/a>\n\t\t<\/h3>\n\t\t\n\t\t<a class=\"elementor-post__read-more\" href=\"https:\/\/unhearedstories.com\/?p=527\" aria-label=\"Read more about \u00ab\u00a1T\u00fa no eres nadie aqu\u00ed! \u00a1Eres solo la recepcionista que trae caf\u00e9, as\u00ed que cierra la boca y obedece!\u00bb \u2014escupi\u00f3 el director, delante de todos\u2014. Pero lo que ella respondi\u00f3 dej\u00f3 toda la oficina completamente congelada\u2026\u00a0\" tabindex=\"-1\" >\n\t\t\tRead More \u00bb\t\t<\/a>\n\n\t\t\t\t<\/div>\n\t\t\t\t\t<\/div>\n\t\t<\/article>\n\t\t\t\t<article class=\"elementor-post elementor-grid-item post-525 post type-post status-publish format-standard hentry category-uncategorized\" role=\"listitem\">\n\t\t\t<div class=\"elementor-post__card\">\n\t\t\t\t<div class=\"elementor-post__text\">\n\t\t\t\t<h3 class=\"elementor-post__title\">\n\t\t\t<a href=\"https:\/\/unhearedstories.com\/?p=525\" >\n\t\t\t\tSalma Hayek DESTROZA a Ellen DeGeneres tras confundir M\u00e9xico con Puerto Rico\t\t\t<\/a>\n\t\t<\/h3>\n\t\t\n\t\t<a class=\"elementor-post__read-more\" href=\"https:\/\/unhearedstories.com\/?p=525\" aria-label=\"Read more about Salma Hayek DESTROZA a Ellen DeGeneres tras confundir M\u00e9xico con Puerto Rico\" tabindex=\"-1\" >\n\t\t\tRead More \u00bb\t\t<\/a>\n\n\t\t\t\t<\/div>\n\t\t\t\t\t<\/div>\n\t\t<\/article>\n\t\t\t\t<article class=\"elementor-post elementor-grid-item post-523 post type-post status-publish format-standard hentry category-uncategorized\" role=\"listitem\">\n\t\t\t<div class=\"elementor-post__card\">\n\t\t\t\t<div class=\"elementor-post__text\">\n\t\t\t\t<h3 class=\"elementor-post__title\">\n\t\t\t<a href=\"https:\/\/unhearedstories.com\/?p=523\" >\n\t\t\t\t\u201cStop the Car! Your Wife Cut the Brakes!\u201d \u2014 A Homeless Boy\u2019s Cry That Saved a Billionaire\u2019s Life\t\t\t<\/a>\n\t\t<\/h3>\n\t\t\n\t\t<a class=\"elementor-post__read-more\" href=\"https:\/\/unhearedstories.com\/?p=523\" aria-label=\"Read more about \u201cStop the Car! Your Wife Cut the Brakes!\u201d \u2014 A Homeless Boy\u2019s Cry That Saved a Billionaire\u2019s Life\" tabindex=\"-1\" >\n\t\t\tRead More \u00bb\t\t<\/a>\n\n\t\t\t\t<\/div>\n\t\t\t\t\t<\/div>\n\t\t<\/article>\n\t\t\t\t<article class=\"elementor-post elementor-grid-item post-521 post type-post status-publish format-standard hentry category-uncategorized\" role=\"listitem\">\n\t\t\t<div class=\"elementor-post__card\">\n\t\t\t\t<div class=\"elementor-post__text\">\n\t\t\t\t<h3 class=\"elementor-post__title\">\n\t\t\t<a href=\"https:\/\/unhearedstories.com\/?p=521\" >\n\t\t\t\tEveryone Laughed When I Helped a Poor Old Man at the Luxury Shoe Store \u2014 Until He Pulled Something Out of His Pocket\t\t\t<\/a>\n\t\t<\/h3>\n\t\t\n\t\t<a class=\"elementor-post__read-more\" href=\"https:\/\/unhearedstories.com\/?p=521\" aria-label=\"Read more about Everyone Laughed When I Helped a Poor Old Man at the Luxury Shoe Store \u2014 Until He Pulled Something Out of His Pocket\" tabindex=\"-1\" >\n\t\t\tRead More \u00bb\t\t<\/a>\n\n\t\t\t\t<\/div>\n\t\t\t\t\t<\/div>\n\t\t<\/article>\n\t\t\t\t<article class=\"elementor-post elementor-grid-item post-519 post type-post status-publish format-standard hentry category-uncategorized\" role=\"listitem\">\n\t\t\t<div class=\"elementor-post__card\">\n\t\t\t\t<div class=\"elementor-post__text\">\n\t\t\t\t<h3 class=\"elementor-post__title\">\n\t\t\t<a href=\"https:\/\/unhearedstories.com\/?p=519\" >\n\t\t\t\tSingle Dad Janitor Dances With a Disabled Girl, Not Knowing Her Wealthy Mother Is Standing Right There\t\t\t<\/a>\n\t\t<\/h3>\n\t\t\n\t\t<a class=\"elementor-post__read-more\" href=\"https:\/\/unhearedstories.com\/?p=519\" aria-label=\"Read more about Single Dad Janitor Dances With a Disabled Girl, Not Knowing Her Wealthy Mother Is Standing Right There\" tabindex=\"-1\" >\n\t\t\tRead More \u00bb\t\t<\/a>\n\n\t\t\t\t<\/div>\n\t\t\t\t\t<\/div>\n\t\t<\/article>\n\t\t\t\t<article class=\"elementor-post elementor-grid-item post-500 post type-post status-publish format-standard hentry category-uncategorized\" role=\"listitem\">\n\t\t\t<div class=\"elementor-post__card\">\n\t\t\t\t<div class=\"elementor-post__text\">\n\t\t\t\t<h3 class=\"elementor-post__title\">\n\t\t\t<a href=\"https:\/\/unhearedstories.com\/?p=500\" >\n\t\t\t\tUn directeur de banque dit \u00e0 un gar\u00e7on portant des chaussures \u00e0 2 $ : \u00ab Assieds-toi dans le coin et attends. \u00bbMais lorsque son oncle entra, toute la salle devint silencieuse\u2026et un seul chiffre sur l\u2019\u00e9cran changea absolument tout.\t\t\t<\/a>\n\t\t<\/h3>\n\t\t\n\t\t<a class=\"elementor-post__read-more\" href=\"https:\/\/unhearedstories.com\/?p=500\" aria-label=\"Read more about Un directeur de banque dit \u00e0 un gar\u00e7on portant des chaussures \u00e0 2 $ : \u00ab Assieds-toi dans le coin et attends. \u00bbMais lorsque son oncle entra, toute la salle devint silencieuse\u2026et un seul chiffre sur l\u2019\u00e9cran changea absolument tout.\" tabindex=\"-1\" >\n\t\t\tRead More \u00bb\t\t<\/a>\n\n\t\t\t\t<\/div>\n\t\t\t\t\t<\/div>\n\t\t<\/article>\n\t\t\t\t<article class=\"elementor-post elementor-grid-item post-509 post type-post status-publish format-standard hentry category-uncategorized\" role=\"listitem\">\n\t\t\t<div class=\"elementor-post__card\">\n\t\t\t\t<div class=\"elementor-post__text\">\n\t\t\t\t<h3 class=\"elementor-post__title\">\n\t\t\t<a href=\"https:\/\/unhearedstories.com\/?p=509\" >\n\t\t\t\tUn gerente de banco le dijo a un chico con zapatos de 2 d\u00f3lares que \u201cse sentara en la esquina y esperara\u201d\u2026 pero cuando entr\u00f3 su t\u00edo, toda la sucursal qued\u00f3 en silencio\u2026 y un solo n\u00famero en la pantalla lo cambi\u00f3 todo.\t\t\t<\/a>\n\t\t<\/h3>\n\t\t\n\t\t<a class=\"elementor-post__read-more\" href=\"https:\/\/unhearedstories.com\/?p=509\" aria-label=\"Read more about Un gerente de banco le dijo a un chico con zapatos de 2 d\u00f3lares que \u201cse sentara en la esquina y esperara\u201d\u2026 pero cuando entr\u00f3 su t\u00edo, toda la sucursal qued\u00f3 en silencio\u2026 y un solo n\u00famero en la pantalla lo cambi\u00f3 todo.\" tabindex=\"-1\" >\n\t\t\tRead More \u00bb\t\t<\/a>\n\n\t\t\t\t<\/div>\n\t\t\t\t\t<\/div>\n\t\t<\/article>\n\t\t\t\t<article class=\"elementor-post elementor-grid-item post-499 post type-post status-publish format-standard hentry category-uncategorized\" role=\"listitem\">\n\t\t\t<div class=\"elementor-post__card\">\n\t\t\t\t<div class=\"elementor-post__text\">\n\t\t\t\t<h3 class=\"elementor-post__title\">\n\t\t\t<a href=\"https:\/\/unhearedstories.com\/?p=499\" >\n\t\t\t\tA bank manager told a boy in $2 shoes to \u201csit in the corner and wait\u201d\u2014 but when his uncle walked in, the entire branch went silent\u2026 and one number on the screen changed everything.\t\t\t<\/a>\n\t\t<\/h3>\n\t\t\n\t\t<a class=\"elementor-post__read-more\" href=\"https:\/\/unhearedstories.com\/?p=499\" aria-label=\"Read more about A bank manager told a boy in $2 shoes to \u201csit in the corner and wait\u201d\u2014 but when his uncle walked in, the entire branch went silent\u2026 and one number on the screen changed everything.\" tabindex=\"-1\" >\n\t\t\tRead More \u00bb\t\t<\/a>\n\n\t\t\t\t<\/div>\n\t\t\t\t\t<\/div>\n\t\t<\/article>\n\t\t\t\t<article class=\"elementor-post elementor-grid-item post-503 post type-post status-publish format-standard hentry category-uncategorized\" role=\"listitem\">\n\t\t\t<div class=\"elementor-post__card\">\n\t\t\t\t<div class=\"elementor-post__text\">\n\t\t\t\t<h3 class=\"elementor-post__title\">\n\t\t\t<a href=\"https:\/\/unhearedstories.com\/?p=503\" >\n\t\t\t\tNo hab\u00eda escuchado re\u00edr a su hijo en tres a\u00f1os\u2026 hasta que lleg\u00f3 a casa temprano y encontr\u00f3 a la nueva empleada arrodillada en el suelo a su lado. Lo que ella estaba haciendo lo dej\u00f3 at\u00f3nito\u2014 y cambi\u00f3 a su familia para siempre.\t\t\t<\/a>\n\t\t<\/h3>\n\t\t\n\t\t<a class=\"elementor-post__read-more\" href=\"https:\/\/unhearedstories.com\/?p=503\" aria-label=\"Read more about No hab\u00eda escuchado re\u00edr a su hijo en tres a\u00f1os\u2026 hasta que lleg\u00f3 a casa temprano y encontr\u00f3 a la nueva empleada arrodillada en el suelo a su lado. Lo que ella estaba haciendo lo dej\u00f3 at\u00f3nito\u2014 y cambi\u00f3 a su familia para siempre.\" tabindex=\"-1\" >\n\t\t\tRead More \u00bb\t\t<\/a>\n\n\t\t\t\t<\/div>\n\t\t\t\t\t<\/div>\n\t\t<\/article>\n\t\t\t\t<article class=\"elementor-post elementor-grid-item post-502 post type-post status-publish format-standard hentry category-uncategorized\" role=\"listitem\">\n\t\t\t<div class=\"elementor-post__card\">\n\t\t\t\t<div class=\"elementor-post__text\">\n\t\t\t\t<h3 class=\"elementor-post__title\">\n\t\t\t<a href=\"https:\/\/unhearedstories.com\/?p=502\" >\n\t\t\t\tIl n\u2019avait pas entendu son fils rire depuis trois ans\u2026 jusqu\u2019au jour o\u00f9 il rentra plus t\u00f4t et trouva la nouvelle femme de m\u00e9nage agenouill\u00e9e \u00e0 c\u00f4t\u00e9 de lui. Ce qu\u2019elle faisait le laissa sans voix \u2014 et changea leur famille pour toujours.\t\t\t<\/a>\n\t\t<\/h3>\n\t\t\n\t\t<a class=\"elementor-post__read-more\" href=\"https:\/\/unhearedstories.com\/?p=502\" aria-label=\"Read more about Il n\u2019avait pas entendu son fils rire depuis trois ans\u2026 jusqu\u2019au jour o\u00f9 il rentra plus t\u00f4t et trouva la nouvelle femme de m\u00e9nage agenouill\u00e9e \u00e0 c\u00f4t\u00e9 de lui. Ce qu\u2019elle faisait le laissa sans voix \u2014 et changea leur famille pour toujours.\" tabindex=\"-1\" >\n\t\t\tRead More \u00bb\t\t<\/a>\n\n\t\t\t\t<\/div>\n\t\t\t\t\t<\/div>\n\t\t<\/article>\n\t\t\t\t<article class=\"elementor-post elementor-grid-item post-501 post type-post status-publish format-standard hentry category-uncategorized\" role=\"listitem\">\n\t\t\t<div class=\"elementor-post__card\">\n\t\t\t\t<div class=\"elementor-post__text\">\n\t\t\t\t<h3 class=\"elementor-post__title\">\n\t\t\t<a href=\"https:\/\/unhearedstories.com\/?p=501\" >\n\t\t\t\tHe hadn\u2019t heard his son laugh in three years\u2026 until he came home early and found the new housekeeper kneeling on the floor beside him. What she was doing stunned him\u2014 and changed their family forever.\t\t\t<\/a>\n\t\t<\/h3>\n\t\t\n\t\t<a class=\"elementor-post__read-more\" href=\"https:\/\/unhearedstories.com\/?p=501\" aria-label=\"Read more about He hadn\u2019t heard his son laugh in three years\u2026 until he came home early and found the new housekeeper kneeling on the floor beside him. What she was doing stunned him\u2014 and changed their family forever.\" tabindex=\"-1\" >\n\t\t\tRead More \u00bb\t\t<\/a>\n\n\t\t\t\t<\/div>\n\t\t\t\t\t<\/div>\n\t\t<\/article>\n\t\t\t\t<article class=\"elementor-post elementor-grid-item post-505 post type-post status-publish format-standard hentry category-uncategorized\" role=\"listitem\">\n\t\t\t<div class=\"elementor-post__card\">\n\t\t\t\t<div class=\"elementor-post__text\">\n\t\t\t\t<h3 class=\"elementor-post__title\">\n\t\t\t<a href=\"https:\/\/unhearedstories.com\/?p=505\" >\n\t\t\t\tDurante dos a\u00f1os, su hijo no pronunci\u00f3 ni una sola palabra\u2026 hasta que una mujer de la limpieza le toc\u00f3 la cabeza\u2026 y ocurri\u00f3 lo imposible.\t\t\t<\/a>\n\t\t<\/h3>\n\t\t\n\t\t<a class=\"elementor-post__read-more\" href=\"https:\/\/unhearedstories.com\/?p=505\" aria-label=\"Read more about Durante dos a\u00f1os, su hijo no pronunci\u00f3 ni una sola palabra\u2026 hasta que una mujer de la limpieza le toc\u00f3 la cabeza\u2026 y ocurri\u00f3 lo imposible.\" tabindex=\"-1\" >\n\t\t\tRead More \u00bb\t\t<\/a>\n\n\t\t\t\t<\/div>\n\t\t\t\t\t<\/div>\n\t\t<\/article>\n\t\t\t\t<article class=\"elementor-post elementor-grid-item post-506 post type-post status-publish format-standard hentry category-uncategorized\" role=\"listitem\">\n\t\t\t<div class=\"elementor-post__card\">\n\t\t\t\t<div class=\"elementor-post__text\">\n\t\t\t\t<h3 class=\"elementor-post__title\">\n\t\t\t<a href=\"https:\/\/unhearedstories.com\/?p=506\" >\n\t\t\t\tPendant deux ans, son fils n\u2019a prononc\u00e9 pas un seul mot \u2014 jusqu\u2019au jour o\u00f9 une femme de m\u00e9nage a pos\u00e9 la main sur sa t\u00eate\u2026 et l\u2019impossible s\u2019est produit.\t\t\t<\/a>\n\t\t<\/h3>\n\t\t\n\t\t<a class=\"elementor-post__read-more\" href=\"https:\/\/unhearedstories.com\/?p=506\" aria-label=\"Read more about Pendant deux ans, son fils n\u2019a prononc\u00e9 pas un seul mot \u2014 jusqu\u2019au jour o\u00f9 une femme de m\u00e9nage a pos\u00e9 la main sur sa t\u00eate\u2026 et l\u2019impossible s\u2019est produit.\" tabindex=\"-1\" >\n\t\t\tRead More \u00bb\t\t<\/a>\n\n\t\t\t\t<\/div>\n\t\t\t\t\t<\/div>\n\t\t<\/article>\n\t\t\t\t<\/div>\n\t\t\n\t\t\t\t\t\t<\/div>\n\t\t\t\t<\/div>\n\t\t\t\t\t<\/div>\n\t\t\t\t<\/div>\n\t\t\t\t<\/div>\n\t\t","protected":false},"excerpt":{"rendered":"","protected":false},"author":1,"featured_media":0,"parent":0,"menu_order":0,"comment_status":"closed","ping_status":"closed","template":"","meta":{"footnotes":""},"class_list":["post-19","page","type-page","status-publish","hentry"],"aioseo_notices":[],"_links":{"self":[{"href":"https:\/\/unhearedstories.com\/index.php?rest_route=\/wp\/v2\/pages\/19","targetHints":{"allow":["GET"]}}],"collection":[{"href":"https:\/\/unhearedstories.com\/index.php?rest_route=\/wp\/v2\/pages"}],"about":[{"href":"https:\/\/unhearedstories.com\/index.php?rest_route=\/wp\/v2\/types\/page"}],"author":[{"embeddable":true,"href":"https:\/\/unhearedstories.com\/index.php?rest_route=\/wp\/v2\/users\/1"}],"replies":[{"embeddable":true,"href":"https:\/\/unhearedstories.com\/index.php?rest_route=%2Fwp%2Fv2%2Fcomments&post=19"}],"version-history":[{"count":7,"href":"https:\/\/unhearedstories.com\/index.php?rest_route=\/wp\/v2\/pages\/19\/revisions"}],"predecessor-version":[{"id":278,"href":"https:\/\/unhearedstories.com\/index.php?rest_route=\/wp\/v2\/pages\/19\/revisions\/278"}],"wp:attachment":[{"href":"https:\/\/unhearedstories.com\/index.php?rest_route=%2Fwp%2Fv2%2Fmedia&parent=19"}],"curies":[{"name":"wp","href":"https:\/\/api.w.org\/{rel}","templated":true}]}}